{"id":675,"date":"2022-12-24T15:33:53","date_gmt":"2022-12-24T15:33:53","guid":{"rendered":"https:\/\/www.pinarestaurant.com\/?page_id=675"},"modified":"2022-12-24T15:33:54","modified_gmt":"2022-12-24T15:33:54","slug":"menu","status":"publish","type":"page","link":"https:\/\/www.pinarestaurant.com\/de\/menu\/","title":{"rendered":"Speisekarte"},"content":{"rendered":"<p>Unser Men\u00fc wird vorbereitet.<\/p>","protected":false},"excerpt":{"rendered":"<p>Unser Men\u00fc wird vorbereitet.<\/p>","protected":false},"author":1,"featured_media":0,"parent":0,"menu_order":0,"comment_status":"closed","ping_status":"closed","template":"","meta":{"footnotes":""},"class_list":["post-675","page","type-page","status-publish","hentry"],"yoast_head":"<!-- This site is optimized with the Yoast SEO Premium plugin v19.6 (Yoast SEO v19.13) - https:\/\/yoast.com\/wordpress\/plugins\/seo\/ -->\n<title>Men\u00fc - Pina Restaurant Ak\u00e7ay<\/title>\n<meta name=\"robots\" content=\"index, follow, max-snippet:-1, max-image-preview:large, max-video-preview:-1\" \/>\n<link rel=\"canonical\" href=\"https:\/\/www.pinarestaurant.com\/de\/menu\/\" \/>\n<meta property=\"og:locale\" content=\"de_DE\" \/>\n<meta property=\"og:type\" content=\"article\" \/>\n<meta property=\"og:title\" content=\"Men\u00fc\" \/>\n<meta property=\"og:description\" content=\"Men\u00fcm\u00fcz haz\u0131rlanmaktad\u0131r.\" \/>\n<meta property=\"og:url\" content=\"https:\/\/www.pinarestaurant.com\/de\/menu\/\" \/>\n<meta property=\"og:site_name\" content=\"Pina Restaurant Ak\u00e7ay\" \/>\n<meta property=\"article:publisher\" content=\"https:\/\/www.facebook.com\/pinarestaurantakcay\" \/>\n<meta property=\"article:modified_time\" content=\"2022-12-24T15:33:54+00:00\" \/>\n<meta name=\"twitter:card\" content=\"summary_large_image\" \/>\n<script type=\"application\/ld+json\" class=\"yoast-schema-graph\">{\"@context\":\"https:\/\/schema.org\",\"@graph\":[{\"@type\":\"WebPage\",\"@id\":\"https:\/\/www.pinarestaurant.com\/menu\/\",\"url\":\"https:\/\/www.pinarestaurant.com\/menu\/\",\"name\":\"Men\u00fc - Pina Restaurant Ak\u00e7ay\",\"isPartOf\":{\"@id\":\"https:\/\/www.pinarestaurant.com\/#website\"},\"datePublished\":\"2022-12-24T15:33:53+00:00\",\"dateModified\":\"2022-12-24T15:33:54+00:00\",\"breadcrumb\":{\"@id\":\"https:\/\/www.pinarestaurant.com\/menu\/#breadcrumb\"},\"inLanguage\":\"de\",\"potentialAction\":[{\"@type\":\"ReadAction\",\"target\":[\"https:\/\/www.pinarestaurant.com\/menu\/\"]}]},{\"@type\":\"BreadcrumbList\",\"@id\":\"https:\/\/www.pinarestaurant.com\/menu\/#breadcrumb\",\"itemListElement\":[{\"@type\":\"ListItem\",\"position\":1,\"name\":\"Anasayfa\",\"item\":\"https:\/\/www.pinarestaurant.com\/\"},{\"@type\":\"ListItem\",\"position\":2,\"name\":\"Men\u00fc\"}]},{\"@type\":\"WebSite\",\"@id\":\"https:\/\/www.pinarestaurant.com\/#website\",\"url\":\"https:\/\/www.pinarestaurant.com\/\",\"name\":\"Pina Restaurant Ak\u00e7ay\",\"description\":\"Ak&ccedil;ay En \u0130yi Restaurant\",\"publisher\":{\"@id\":\"https:\/\/www.pinarestaurant.com\/#organization\"},\"potentialAction\":[{\"@type\":\"SearchAction\",\"target\":{\"@type\":\"EntryPoint\",\"urlTemplate\":\"https:\/\/www.pinarestaurant.com\/?s={search_term_string}\"},\"query-input\":\"required name=search_term_string\"}],\"inLanguage\":\"de\"},{\"@type\":\"Organization\",\"@id\":\"https:\/\/www.pinarestaurant.com\/#organization\",\"name\":\"Pina Restaurant Ak\u00e7ay\",\"url\":\"https:\/\/www.pinarestaurant.com\/\",\"logo\":{\"@type\":\"ImageObject\",\"inLanguage\":\"de\",\"@id\":\"https:\/\/www.pinarestaurant.com\/#\/schema\/logo\/image\/\",\"url\":\"https:\/\/www.pinarestaurant.com\/wp-content\/uploads\/2022\/12\/logo-5.png\",\"contentUrl\":\"https:\/\/www.pinarestaurant.com\/wp-content\/uploads\/2022\/12\/logo-5.png\",\"width\":600,\"height\":600,\"caption\":\"Pina Restaurant Ak\u00e7ay\"},\"image\":{\"@id\":\"https:\/\/www.pinarestaurant.com\/#\/schema\/logo\/image\/\"},\"sameAs\":[\"https:\/\/www.instagram.com\/pina_restaurant\",\"https:\/\/www.facebook.com\/pinarestaurantakcay\"]}]}<\/script>\n<!-- \/ Yoast SEO Premium plugin. -->","yoast_head_json":{"title":"Men\u00fc - Pina Restaurant Ak\u00e7ay","robots":{"index":"index","follow":"follow","max-snippet":"max-snippet:-1","max-image-preview":"max-image-preview:large","max-video-preview":"max-video-preview:-1"},"canonical":"https:\/\/www.pinarestaurant.com\/de\/menu\/","og_locale":"de_DE","og_type":"article","og_title":"Men\u00fc","og_description":"Men\u00fcm\u00fcz haz\u0131rlanmaktad\u0131r.","og_url":"https:\/\/www.pinarestaurant.com\/de\/menu\/","og_site_name":"Pina Restaurant Ak\u00e7ay","article_publisher":"https:\/\/www.facebook.com\/pinarestaurantakcay","article_modified_time":"2022-12-24T15:33:54+00:00","twitter_card":"summary_large_image","schema":{"@context":"https:\/\/schema.org","@graph":[{"@type":"WebPage","@id":"https:\/\/www.pinarestaurant.com\/menu\/","url":"https:\/\/www.pinarestaurant.com\/menu\/","name":"Men\u00fc - Pina Restaurant Ak\u00e7ay","isPartOf":{"@id":"https:\/\/www.pinarestaurant.com\/#website"},"datePublished":"2022-12-24T15:33:53+00:00","dateModified":"2022-12-24T15:33:54+00:00","breadcrumb":{"@id":"https:\/\/www.pinarestaurant.com\/menu\/#breadcrumb"},"inLanguage":"de","potentialAction":[{"@type":"ReadAction","target":["https:\/\/www.pinarestaurant.com\/menu\/"]}]},{"@type":"BreadcrumbList","@id":"https:\/\/www.pinarestaurant.com\/menu\/#breadcrumb","itemListElement":[{"@type":"ListItem","position":1,"name":"Anasayfa","item":"https:\/\/www.pinarestaurant.com\/"},{"@type":"ListItem","position":2,"name":"Men\u00fc"}]},{"@type":"WebSite","@id":"https:\/\/www.pinarestaurant.com\/#website","url":"https:\/\/www.pinarestaurant.com\/","name":"Pina Restaurant Ak\u00e7ay","description":"Ak&ccedil;ay En \u0130yi Restaurant","publisher":{"@id":"https:\/\/www.pinarestaurant.com\/#organization"},"potentialAction":[{"@type":"SearchAction","target":{"@type":"EntryPoint","urlTemplate":"https:\/\/www.pinarestaurant.com\/?s={search_term_string}"},"query-input":"required name=search_term_string"}],"inLanguage":"de"},{"@type":"Organization","@id":"https:\/\/www.pinarestaurant.com\/#organization","name":"Pina Restaurant Ak\u00e7ay","url":"https:\/\/www.pinarestaurant.com\/","logo":{"@type":"ImageObject","inLanguage":"de","@id":"https:\/\/www.pinarestaurant.com\/#\/schema\/logo\/image\/","url":"https:\/\/www.pinarestaurant.com\/wp-content\/uploads\/2022\/12\/logo-5.png","contentUrl":"https:\/\/www.pinarestaurant.com\/wp-content\/uploads\/2022\/12\/logo-5.png","width":600,"height":600,"caption":"Pina Restaurant Ak\u00e7ay"},"image":{"@id":"https:\/\/www.pinarestaurant.com\/#\/schema\/logo\/image\/"},"sameAs":["https:\/\/www.instagram.com\/pina_restaurant","https:\/\/www.facebook.com\/pinarestaurantakcay"]}]}},"_links":{"self":[{"href":"https:\/\/www.pinarestaurant.com\/de\/wp-json\/wp\/v2\/pages\/675","targetHints":{"allow":["GET"]}}],"collection":[{"href":"https:\/\/www.pinarestaurant.com\/de\/wp-json\/wp\/v2\/pages"}],"about":[{"href":"https:\/\/www.pinarestaurant.com\/de\/wp-json\/wp\/v2\/types\/page"}],"author":[{"embeddable":true,"href":"https:\/\/www.pinarestaurant.com\/de\/wp-json\/wp\/v2\/users\/1"}],"replies":[{"embeddable":true,"href":"https:\/\/www.pinarestaurant.com\/de\/wp-json\/wp\/v2\/comments?post=675"}],"version-history":[{"count":1,"href":"https:\/\/www.pinarestaurant.com\/de\/wp-json\/wp\/v2\/pages\/675\/revisions"}],"predecessor-version":[{"id":676,"href":"https:\/\/www.pinarestaurant.com\/de\/wp-json\/wp\/v2\/pages\/675\/revisions\/676"}],"wp:attachment":[{"href":"https:\/\/www.pinarestaurant.com\/de\/wp-json\/wp\/v2\/media?parent=675"}],"curies":[{"name":"wp","href":"https:\/\/api.w.org\/{rel}","templated":true}]}}